{"id":2,"date":"2025-11-05T17:21:47","date_gmt":"2025-11-05T16:21:47","guid":{"rendered":"https:\/\/fundacja.teatrexit.pl\/?page_id=2"},"modified":"2026-04-01T22:28:20","modified_gmt":"2026-04-01T20:28:20","slug":"przykladowa-strona","status":"publish","type":"page","link":"https:\/\/fundacja.teatrexit.pl\/","title":{"rendered":""},"content":{"rendered":"\t\t<div data-elementor-type=\"wp-page\" data-elementor-id=\"2\" class=\"elementor elementor-2\">\n\t\t\t\t<div class=\"elementor-element elementor-element-26244ea2 e-flex e-con-boxed e-con e-parent\" data-id=\"26244ea2\" data-element_type=\"container\" data-e-type=\"container\">\n\t\t\t\t\t<div class=\"e-con-inner\">\n\t\t\t\t<div class=\"elementor-element elementor-element-e164989 elementor-widget elementor-widget-heading\" data-id=\"e164989\" data-element_type=\"widget\" data-e-type=\"widget\" data-widget_type=\"heading.default\">\n\t\t\t\t\t<h2 class=\"elementor-heading-title elementor-size-default\">O Fundacji<\/h2>\t\t\t\t<\/div>\n\t\t\t\t<div class=\"elementor-element elementor-element-33da0c8 elementor-widget elementor-widget-image\" data-id=\"33da0c8\" data-element_type=\"widget\" data-e-type=\"widget\" data-widget_type=\"image.default\">\n\t\t\t\t\t\t\t\t\t\t\t\t\t\t\t<img fetchpriority=\"high\" decoding=\"async\" width=\"800\" height=\"534\" src=\"https:\/\/fundacja.teatrexit.pl\/wp-content\/uploads\/2026\/03\/grupowe-1024x684.jpg\" class=\"attachment-large size-large wp-image-30\" alt=\"\" srcset=\"https:\/\/fundacja.teatrexit.pl\/wp-content\/uploads\/2026\/03\/grupowe-1024x684.jpg 1024w, https:\/\/fundacja.teatrexit.pl\/wp-content\/uploads\/2026\/03\/grupowe-300x200.jpg 300w, https:\/\/fundacja.teatrexit.pl\/wp-content\/uploads\/2026\/03\/grupowe-768x513.jpg 768w, https:\/\/fundacja.teatrexit.pl\/wp-content\/uploads\/2026\/03\/grupowe.jpg 1200w\" sizes=\"(max-width: 800px) 100vw, 800px\" \/>\t\t\t\t\t\t\t\t\t\t\t\t\t\t\t<\/div>\n\t\t\t\t<div class=\"elementor-element elementor-element-fab8a5d elementor-button-info elementor-align-center elementor-widget elementor-widget-button\" data-id=\"fab8a5d\" data-element_type=\"widget\" data-e-type=\"widget\" data-widget_type=\"button.default\">\n\t\t\t\t\t\t\t\t\t\t<a class=\"elementor-button elementor-button-link elementor-size-sm\" href=\"http:\/\/teatrexit.pl\">\n\t\t\t\t\t\t<span class=\"elementor-button-content-wrapper\">\n\t\t\t\t\t\t\t\t\t<span class=\"elementor-button-text\"> -&gt; Strona Teatru Exit &lt;-<\/span>\n\t\t\t\t\t<\/span>\n\t\t\t\t\t<\/a>\n\t\t\t\t\t\t\t\t<\/div>\n\t\t<div class=\"elementor-element elementor-element-1c4280a e-grid e-con-full e-con e-child\" data-id=\"1c4280a\" data-element_type=\"container\" data-e-type=\"container\">\n\t\t\t\t<div class=\"elementor-element elementor-element-75798f9c elementor-widget elementor-widget-text-editor\" data-id=\"75798f9c\" data-element_type=\"widget\" data-e-type=\"widget\" data-widget_type=\"text-editor.default\">\n\t\t\t\t\t\t\t\t\t<p>Fundacja Teatru Exit (dawniej Fundacja Budzenie Pasji) istnieje od 2015 r. i pocz\u0105tkowo realizowa\u0142a widowiska historyczne, warsztaty i spektakle teatralne (w tym edukacyjne), a obecnie prowadzi g\u0142\u00f3wnie projekty wspieraj\u0105ce \u015brodowisko os\u00f3b z niepe\u0142nosprawno\u015bciami.<\/p><p>W ci\u0105gu ostatnich 10 lat (dane na rok 2026) nasza fundacja zrealizowa\u0142a szereg projekt\u00f3w w tym obszarze:<\/p><ul><li>7 spektakli teatralnych: \u201eEXIT\u201d, \u201eJezda na Moskw\u0119\u201d, \u201eKu jedno\u015bci\u201d, \u201eGenesis\u201d \u201ePie\u015b\u0144 nad Pie\u015bniami\u201d, &#8222;Bezdomny Jezus&#8221;, &#8222;Misterium Mi\u0142osierdzia&#8221;<\/li><li>8 film\u00f3w \u2013 \u201eHiob\u201d, \u201eJonasz\u201d, &#8222;Eucharystia&#8221;, &#8222;Tobiasz&#8221;, &#8222;Po drugiej stronie dnia&#8221;, &#8222;Oblicze&#8221;, &#8222;Droga Eliasza&#8221; i &#8222;Exit czyli rzecz o wychodzeniu z niewoli&#8221;<\/li><li>kilkana\u015bcie teledysk\u00f3w<\/li><\/ul>\t\t\t\t\t\t\t\t<\/div>\n\t\t\t\t<\/div>\n\t\t\t\t<div class=\"elementor-element elementor-element-dcf24f4 elementor-widget-divider--view-line elementor-widget elementor-widget-divider\" data-id=\"dcf24f4\" data-element_type=\"widget\" data-e-type=\"widget\" data-widget_type=\"divider.default\">\n\t\t\t\t\t\t\t<div class=\"elementor-divider\">\n\t\t\t<span class=\"elementor-divider-separator\">\n\t\t\t\t\t\t<\/span>\n\t\t<\/div>\n\t\t\t\t\t\t<\/div>\n\t\t\t\t<div class=\"elementor-element elementor-element-0a49730 elementor-widget elementor-widget-heading\" data-id=\"0a49730\" data-element_type=\"widget\" data-e-type=\"widget\" data-widget_type=\"heading.default\">\n\t\t\t\t\t<h2 class=\"elementor-heading-title elementor-size-default\">Dane kontaktowe<\/h2>\t\t\t\t<\/div>\n\t\t\t\t<div class=\"elementor-element elementor-element-6fe444e elementor-widget elementor-widget-text-editor\" data-id=\"6fe444e\" data-element_type=\"widget\" data-e-type=\"widget\" data-widget_type=\"text-editor.default\">\n\t\t\t\t\t\t\t\t\t<p>Fundacja Teatru Exit<br \/>ul. \u015aw. Filipa 23\/3<br \/>31-150 Krak\u00f3w<\/p><p>KRS: 0000590863<br \/>REGON: 363229550<br \/>NIP: 6793120089<br \/>NEST BANK 52 1870 1045 2078 1067 5461 0001<\/p><p>Prezes Zarz\u0105du<br \/>Pawe\u0142 Dobrowolski<br \/>pawel@teatrexit.pl<br \/>tel. 796 175 796<\/p>\t\t\t\t\t\t\t\t<\/div>\n\t\t\t\t<div class=\"elementor-element elementor-element-65ae88a elementor-widget-divider--view-line elementor-widget elementor-widget-divider\" data-id=\"65ae88a\" data-element_type=\"widget\" data-e-type=\"widget\" data-widget_type=\"divider.default\">\n\t\t\t\t\t\t\t<div class=\"elementor-divider\">\n\t\t\t<span class=\"elementor-divider-separator\">\n\t\t\t\t\t\t<\/span>\n\t\t<\/div>\n\t\t\t\t\t\t<\/div>\n\t\t\t\t<div class=\"elementor-element elementor-element-bb78b4b elementor-widget elementor-widget-heading\" data-id=\"bb78b4b\" data-element_type=\"widget\" data-e-type=\"widget\" data-widget_type=\"heading.default\">\n\t\t\t\t\t<h2 class=\"elementor-heading-title elementor-size-default\">Wspieraj nas<\/h2>\t\t\t\t<\/div>\n\t\t\t\t<div class=\"elementor-element elementor-element-61da704 elementor-widget-divider--view-line elementor-widget elementor-widget-divider\" data-id=\"61da704\" data-element_type=\"widget\" data-e-type=\"widget\" data-widget_type=\"divider.default\">\n\t\t\t\t\t\t\t<div class=\"elementor-divider\">\n\t\t\t<span class=\"elementor-divider-separator\">\n\t\t\t\t\t\t<\/span>\n\t\t<\/div>\n\t\t\t\t\t\t<\/div>\n\t\t\t\t<div class=\"elementor-element elementor-element-b83db87 elementor-widget elementor-widget-text-editor\" data-id=\"b83db87\" data-element_type=\"widget\" data-e-type=\"widget\" data-widget_type=\"text-editor.default\">\n\t\t\t\t\t\t\t\t\t<div class=\"elementor-element elementor-element-2656fd75 elementor-widget elementor-widget-heading\" data-id=\"2656fd75\" data-element_type=\"widget\" data-widget_type=\"heading.default\"><div class=\"elementor-widget-container\"><p class=\"elementor-heading-title elementor-size-default\">Dowolna wp\u0142ata bezpo\u015brednio na konto:<\/p><\/div><\/div><div class=\"elementor-element elementor-element-748af3bc elementor-widget__width-initial elementor-widget elementor-widget-text-editor\" data-id=\"748af3bc\" data-element_type=\"widget\" data-widget_type=\"text-editor.default\"><div class=\"elementor-widget-container\"><p>NEST BANK<br \/>52 1870 1045 2078 1067 5461 0001<\/p><p><strong>z dopiskiem: na cele statutowe<\/strong><\/p><\/div><\/div>\t\t\t\t\t\t\t\t<\/div>\n\t\t\t\t<div class=\"elementor-element elementor-element-1fedbf1 elementor-widget-divider--view-line elementor-widget elementor-widget-divider\" data-id=\"1fedbf1\" data-element_type=\"widget\" data-e-type=\"widget\" data-widget_type=\"divider.default\">\n\t\t\t\t\t\t\t<div class=\"elementor-divider\">\n\t\t\t<span class=\"elementor-divider-separator\">\n\t\t\t\t\t\t<\/span>\n\t\t<\/div>\n\t\t\t\t\t\t<\/div>\n\t\t<div class=\"elementor-element elementor-element-99fc7a8 e-grid e-con-full e-con e-child\" data-id=\"99fc7a8\" data-element_type=\"container\" data-e-type=\"container\">\n\t\t\t\t<div class=\"elementor-element elementor-element-e868432 elementor-widget elementor-widget-html\" data-id=\"e868432\" data-element_type=\"widget\" data-e-type=\"widget\" data-widget_type=\"html.default\">\n\t\t\t\t\t<iframe src=\"https:\/\/patronite.pl\/widget\/teatrexit\/167684\/small\/light\/colorful?description=Z%20Tob%C4%85%20musi%20si%C4%99%20uda%C4%87!\" width=\"360\" height=\"330\" frameborder=\"0\" scrolling=\"no\"><\/iframe>\t\t\t\t<\/div>\n\t\t\t\t<div class=\"elementor-element elementor-element-9682b9f elementor-widget elementor-widget-html\" data-id=\"9682b9f\" data-element_type=\"widget\" data-e-type=\"widget\" data-widget_type=\"html.default\">\n\t\t\t\t\t<div style=\"width:100%;background:#f3f3f3;border-radius:8px;padding:25px;text-align:center;font-family:Arial, sans-serif;box-sizing:border-box;\">\n    \n    <img decoding=\"async\" src=\"https:\/\/teatrexit.pl\/wp-content\/uploads\/2024\/07\/Eliasz_bulaj.jpg\" \n    alt=\"Wsparcie filmu Eliasz\" \n    style=\"width:80px;height:auto;margin-bottom:11px;\">\n\n    <h3 style=\"font-size:22px;margin:10px 0;color:#222;\">\n        Wsparcie filmu Eliasz\n    <\/h3>\n\n    <p style=\"color:#555;margin-bottom:9px;font-size:14px;\">\n        Przejd\u017a do strony zbi\u00f3rki\n    <\/p>\n\n    <a href=\"https:\/\/teatrexit.pl\/eliasz\" \n    style=\"display:block;background:#000;color:#fff;\n    padding:14px 22px;border-radius:6px;text-decoration:none;\n    font-weight:bold;font-size:17px;\">\n        Wesprzyj film Eliasz\n    <\/a>\n\n<\/div>\t\t\t\t<\/div>\n\t\t\t\t<div class=\"elementor-element elementor-element-66d0a6f elementor-widget elementor-widget-image\" data-id=\"66d0a6f\" data-element_type=\"widget\" data-e-type=\"widget\" data-widget_type=\"image.default\">\n\t\t\t\t\t\t\t\t\t\t\t\t\t\t\t\t<a href=\"https:\/\/www.paypal.com\/ncp\/payment\/KCF6RFGHGE6SE\">\n\t\t\t\t\t\t\t<img decoding=\"async\" width=\"324\" height=\"256\" src=\"https:\/\/fundacja.teatrexit.pl\/wp-content\/uploads\/2026\/03\/wspieraj-paypal2.jpg\" class=\"attachment-large size-large wp-image-138\" alt=\"\" srcset=\"https:\/\/fundacja.teatrexit.pl\/wp-content\/uploads\/2026\/03\/wspieraj-paypal2.jpg 324w, https:\/\/fundacja.teatrexit.pl\/wp-content\/uploads\/2026\/03\/wspieraj-paypal2-300x237.jpg 300w\" sizes=\"(max-width: 324px) 100vw, 324px\" \/>\t\t\t\t\t\t\t\t<\/a>\n\t\t\t\t\t\t\t\t\t\t\t\t\t\t\t<\/div>\n\t\t\t\t<\/div>\n\t\t\t\t<div class=\"elementor-element elementor-element-a44ff12 elementor-widget elementor-widget-html\" data-id=\"a44ff12\" data-element_type=\"widget\" data-e-type=\"widget\" data-widget_type=\"html.default\">\n\t\t\t\t\t<div class='root-data-givewp-embed' data-form-locale='pl_PL' data-form-url='https:\/\/fundacja.teatrexit.pl\/?post_type=give_forms&#038;p=119' data-form-view-url='https:\/\/fundacja.teatrexit.pl\/?givewp-route=donation-form-view&form-id=119' data-src='https:\/\/fundacja.teatrexit.pl\/?givewp-route=donation-form-view&form-id=119' data-givewp-embed-id='give-form-shortcode-1' data-form-format='' data-open-form-button='Przeka\u017c darowizn\u0119' style='--givewp-primary-color: #5F7385; --givewp-secondary-color: #f49420;'><\/div>\t\t\t\t<\/div>\n\t\t\t\t<div class=\"elementor-element elementor-element-2b68c4c elementor-widget-divider--view-line elementor-widget elementor-widget-divider\" data-id=\"2b68c4c\" data-element_type=\"widget\" data-e-type=\"widget\" data-widget_type=\"divider.default\">\n\t\t\t\t\t\t\t<div class=\"elementor-divider\">\n\t\t\t<span class=\"elementor-divider-separator\">\n\t\t\t\t\t\t<\/span>\n\t\t<\/div>\n\t\t\t\t\t\t<\/div>\n\t\t\t\t<div class=\"elementor-element elementor-element-b43fcdc elementor-widget elementor-widget-heading\" data-id=\"b43fcdc\" data-element_type=\"widget\" data-e-type=\"widget\" data-widget_type=\"heading.default\">\n\t\t\t\t\t<h2 class=\"elementor-heading-title elementor-size-default\">Ostatnie projekty<\/h2>\t\t\t\t<\/div>\n\t\t<div class=\"elementor-element elementor-element-43e4e15 e-grid e-con-full e-con e-child\" data-id=\"43e4e15\" data-element_type=\"container\" data-e-type=\"container\">\n\t\t\t\t<div class=\"elementor-element elementor-element-23e08dc elementor-widget elementor-widget-image\" data-id=\"23e08dc\" data-element_type=\"widget\" data-e-type=\"widget\" data-widget_type=\"image.default\">\n\t\t\t\t\t\t\t\t\t\t\t\t\t\t\t<img decoding=\"async\" width=\"724\" height=\"1024\" src=\"https:\/\/fundacja.teatrexit.pl\/wp-content\/uploads\/2026\/03\/A3-Glosy-zHoustonKPO_page-0001-724x1024.jpg\" class=\"attachment-large size-large wp-image-103\" alt=\"\" srcset=\"https:\/\/fundacja.teatrexit.pl\/wp-content\/uploads\/2026\/03\/A3-Glosy-zHoustonKPO_page-0001-724x1024.jpg 724w, https:\/\/fundacja.teatrexit.pl\/wp-content\/uploads\/2026\/03\/A3-Glosy-zHoustonKPO_page-0001-212x300.jpg 212w, https:\/\/fundacja.teatrexit.pl\/wp-content\/uploads\/2026\/03\/A3-Glosy-zHoustonKPO_page-0001-768x1086.jpg 768w, https:\/\/fundacja.teatrexit.pl\/wp-content\/uploads\/2026\/03\/A3-Glosy-zHoustonKPO_page-0001-1086x1536.jpg 1086w, https:\/\/fundacja.teatrexit.pl\/wp-content\/uploads\/2026\/03\/A3-Glosy-zHoustonKPO_page-0001-1448x2048.jpg 1448w, https:\/\/fundacja.teatrexit.pl\/wp-content\/uploads\/2026\/03\/A3-Glosy-zHoustonKPO_page-0001.jpg 1754w\" sizes=\"(max-width: 724px) 100vw, 724px\" \/>\t\t\t\t\t\t\t\t\t\t\t\t\t\t\t<\/div>\n\t\t\t\t<div class=\"elementor-element elementor-element-4cd48e9 elementor-widget elementor-widget-text-editor\" data-id=\"4cd48e9\" data-element_type=\"widget\" data-e-type=\"widget\" data-widget_type=\"text-editor.default\">\n\t\t\t\t\t\t\t\t\t<p>Fundacja Teatru Exit uzyska\u0142a dofinansowanie w programie KPO dla Kultury, w ramach kt\u00f3rego zrealizowa\u0142a projekt \u201cPsychoarty. G\u0142osy z Houston\u201d. Przedsi\u0119wzi\u0119cie wsp\u00f3\u0142finansowane ze \u015brodk\u00f3w Krajowego Planu Odbudowy i Zwi\u0119kszania Odporno\u015bci. (Inwestycja A2.5.1 Program wspierania dzia\u0142alno\u015bci podmiot\u00f3w sektora kultury i przemys\u0142\u00f3w kreatywnych na rzecz stymulowania ich rozwoju).<\/p><p>Projekt jest realizowany od pocz\u0105tku grudnia 2025 do ko\u0144ca lutego 2026.<\/p><p>W trakcie projektu zrealizowali\u015bmy 4 storyarty \u2013 opracowane przez niepe\u0142nosprawnych aktor\u00f3w, wiersze pacjent\u00f3w szpitala psychiatrycznego, z animacjami i muzyk\u0105. Ka\u017cdemu utworowi towarzyszy plakat, kt\u00f3ry obrazuje przedstawiany w utworze problem. Ka\u017cde z nagra\u0144 zosta\u0142o te\u017c rozszerzone o rozmow\u0119 \u2013 wywiad z autorem utworu.<\/p><p>P\u00f3\u0142fina\u0142em projektu by\u0142 pokaz na \u017cywo, w czasie kt\u00f3rego odby\u0142o si\u0119 wykonanie utwor\u00f3w z towarzyszeniem muzyk\u00f3w, wystawa plakat\u00f3w i rozmowa z tw\u00f3rcami. Finalnie powsta\u0142 wyprodukowany na nowo spektakl \u201cG\u0142osy z Houston\u201d, kt\u00f3ry zosta\u0142 wystawiony i zdigitalizowany. Po spektaklu odby\u0142a si\u0119 rozmowa z tw\u00f3rcami i autorami wierszy, wykorzystywanych w projekcie.<\/p><p><strong>Wi\u0119cej o projekcie mo\u017cna dowiedzie\u0107 si\u0119 <a href=\"https:\/\/psychoarty.teatrexit.pl\/\" target=\"_blank\" rel=\"noopener\">TUTAJ<\/a><\/strong><\/p>\t\t\t\t\t\t\t\t<\/div>\n\t\t\t\t<\/div>\n\t\t\t\t<div class=\"elementor-element elementor-element-bcff2db elementor-widget elementor-widget-heading\" data-id=\"bcff2db\" data-element_type=\"widget\" data-e-type=\"widget\" data-widget_type=\"heading.default\">\n\t\t\t\t\t<h2 class=\"elementor-heading-title elementor-size-default\">Dokumenty<\/h2>\t\t\t\t<\/div>\n\t\t<div class=\"elementor-element elementor-element-32b8d4e e-grid e-con-full e-con e-child\" data-id=\"32b8d4e\" data-element_type=\"container\" data-e-type=\"container\">\n\t\t\t\t<div class=\"elementor-element elementor-element-4a256ea elementor-button-info elementor-align-justify elementor-widget elementor-widget-button\" data-id=\"4a256ea\" data-element_type=\"widget\" data-e-type=\"widget\" data-widget_type=\"button.default\">\n\t\t\t\t\t\t\t\t\t\t<a class=\"elementor-button elementor-button-link elementor-size-sm\" href=\"https:\/\/fundacja.teatrexit.pl\/wp-content\/uploads\/2026\/03\/Statut-10_2023-podpisany-PD.pdf\">\n\t\t\t\t\t\t<span class=\"elementor-button-content-wrapper\">\n\t\t\t\t\t\t\t\t\t<span class=\"elementor-button-text\">Statut Fundacji Teatru Exit<\/span>\n\t\t\t\t\t<\/span>\n\t\t\t\t\t<\/a>\n\t\t\t\t\t\t\t\t<\/div>\n\t\t\t\t<div class=\"elementor-element elementor-element-e76ebeb elementor-button-info elementor-align-justify elementor-widget elementor-widget-button\" data-id=\"e76ebeb\" data-element_type=\"widget\" data-e-type=\"widget\" data-widget_type=\"button.default\">\n\t\t\t\t\t\t\t\t\t\t<a class=\"elementor-button elementor-button-link elementor-size-sm\" href=\"https:\/\/fundacja.teatrexit.pl\/wp-content\/uploads\/2026\/03\/Sprawozdanie-merytoryczne_35663.pdf\">\n\t\t\t\t\t\t<span class=\"elementor-button-content-wrapper\">\n\t\t\t\t\t\t\t\t\t<span class=\"elementor-button-text\">Sprawozdanie 2024<\/span>\n\t\t\t\t\t<\/span>\n\t\t\t\t\t<\/a>\n\t\t\t\t\t\t\t\t<\/div>\n\t\t\t\t<div class=\"elementor-element elementor-element-a426173 elementor-button-info elementor-align-justify elementor-widget elementor-widget-button\" data-id=\"a426173\" data-element_type=\"widget\" data-e-type=\"widget\" data-widget_type=\"button.default\">\n\t\t\t\t\t\t\t\t\t\t<a class=\"elementor-button elementor-button-link elementor-size-sm\" href=\"https:\/\/fundacja.teatrexit.pl\/wp-content\/uploads\/2026\/03\/Sprawozdanie-merytoryczne_29218-2.pdf\">\n\t\t\t\t\t\t<span class=\"elementor-button-content-wrapper\">\n\t\t\t\t\t\t\t\t\t<span class=\"elementor-button-text\">Sprawozdanie 2023<\/span>\n\t\t\t\t\t<\/span>\n\t\t\t\t\t<\/a>\n\t\t\t\t\t\t\t\t<\/div>\n\t\t\t\t<div class=\"elementor-element elementor-element-5c7130a elementor-button-info elementor-align-justify elementor-widget elementor-widget-button\" data-id=\"5c7130a\" data-element_type=\"widget\" data-e-type=\"widget\" data-widget_type=\"button.default\">\n\t\t\t\t\t\t\t\t\t\t<a class=\"elementor-button elementor-button-link elementor-size-sm\" href=\"https:\/\/fundacja.teatrexit.pl\/wp-content\/uploads\/2026\/03\/Sprawozdanie-merytoryczne-2022-1.pdf\">\n\t\t\t\t\t\t<span class=\"elementor-button-content-wrapper\">\n\t\t\t\t\t\t\t\t\t<span class=\"elementor-button-text\">Sprawozdanie 2022<\/span>\n\t\t\t\t\t<\/span>\n\t\t\t\t\t<\/a>\n\t\t\t\t\t\t\t\t<\/div>\n\t\t\t\t<div class=\"elementor-element elementor-element-bad769a elementor-button-info elementor-align-justify elementor-widget elementor-widget-button\" data-id=\"bad769a\" data-element_type=\"widget\" data-e-type=\"widget\" data-widget_type=\"button.default\">\n\t\t\t\t\t\t\t\t\t\t<a class=\"elementor-button elementor-button-link elementor-size-sm\" href=\"https:\/\/fundacja.teatrexit.pl\/wp-content\/uploads\/2026\/03\/Sprawozdanie-mer-2021-podpisane.pdf\">\n\t\t\t\t\t\t<span class=\"elementor-button-content-wrapper\">\n\t\t\t\t\t\t\t\t\t<span class=\"elementor-button-text\">Sprawozdanie 2021<\/span>\n\t\t\t\t\t<\/span>\n\t\t\t\t\t<\/a>\n\t\t\t\t\t\t\t\t<\/div>\n\t\t\t\t<div class=\"elementor-element elementor-element-58b09fe elementor-button-info elementor-align-justify elementor-widget elementor-widget-button\" data-id=\"58b09fe\" data-element_type=\"widget\" data-e-type=\"widget\" data-widget_type=\"button.default\">\n\t\t\t\t\t\t\t\t\t\t<a class=\"elementor-button elementor-button-link elementor-size-sm\" href=\"https:\/\/fundacja.teatrexit.pl\/wp-content\/uploads\/2026\/03\/2020-Roczne-sprawozdanie-z-dzialalnosci-fundacji-budzenie-pasji.pdf\">\n\t\t\t\t\t\t<span class=\"elementor-button-content-wrapper\">\n\t\t\t\t\t\t\t\t\t<span class=\"elementor-button-text\">Sprawozdanie 2020<\/span>\n\t\t\t\t\t<\/span>\n\t\t\t\t\t<\/a>\n\t\t\t\t\t\t\t\t<\/div>\n\t\t\t\t<\/div>\n\t\t\t\t\t<\/div>\n\t\t\t\t<\/div>\n\t\t\t\t<\/div>\n\t\t","protected":false},"excerpt":{"rendered":"<p>O Fundacji -&gt; Strona Teatru Exit &lt;- Fundacja Teatru Exit (dawniej Fundacja Budzenie Pasji) istnieje od 2015 r. i pocz\u0105tkowo realizowa\u0142a widowiska historyczne, warsztaty i spektakle teatralne (w tym edukacyjne), a obecnie prowadzi g\u0142\u00f3wnie projekty wspieraj\u0105ce \u015brodowisko os\u00f3b z niepe\u0142nosprawno\u015bciami. W ci\u0105gu ostatnich 10 lat (dane na rok 2026) nasza fundacja zrealizowa\u0142a szereg projekt\u00f3w w [&hellip;]<\/p>\n","protected":false},"author":1,"featured_media":0,"parent":0,"menu_order":0,"comment_status":"closed","ping_status":"open","template":"","meta":{"give_campaign_id":0,"footnotes":""},"class_list":["post-2","page","type-page","status-publish","hentry"],"campaignId":"","_links":{"self":[{"href":"https:\/\/fundacja.teatrexit.pl\/index.php?rest_route=\/wp\/v2\/pages\/2","targetHints":{"allow":["GET"]}}],"collection":[{"href":"https:\/\/fundacja.teatrexit.pl\/index.php?rest_route=\/wp\/v2\/pages"}],"about":[{"href":"https:\/\/fundacja.teatrexit.pl\/index.php?rest_route=\/wp\/v2\/types\/page"}],"author":[{"embeddable":true,"href":"https:\/\/fundacja.teatrexit.pl\/index.php?rest_route=\/wp\/v2\/users\/1"}],"replies":[{"embeddable":true,"href":"https:\/\/fundacja.teatrexit.pl\/index.php?rest_route=%2Fwp%2Fv2%2Fcomments&post=2"}],"version-history":[{"count":94,"href":"https:\/\/fundacja.teatrexit.pl\/index.php?rest_route=\/wp\/v2\/pages\/2\/revisions"}],"predecessor-version":[{"id":156,"href":"https:\/\/fundacja.teatrexit.pl\/index.php?rest_route=\/wp\/v2\/pages\/2\/revisions\/156"}],"wp:attachment":[{"href":"https:\/\/fundacja.teatrexit.pl\/index.php?rest_route=%2Fwp%2Fv2%2Fmedia&parent=2"}],"curies":[{"name":"wp","href":"https:\/\/api.w.org\/{rel}","templated":true}]}}